{"id":57,"date":"2019-04-22T16:09:14","date_gmt":"2019-04-22T16:09:14","guid":{"rendered":"https:\/\/www.costechaude83.com\/?page_id=57"},"modified":"2019-05-10T15:25:13","modified_gmt":"2019-05-10T15:25:13","slug":"presentation-2","status":"publish","type":"page","link":"https:\/\/www.costechaude83.com\/","title":{"rendered":"A propos"},"content":{"rendered":"\n<a name=\"A-propos\"><\/a>\n\n\n\n<p style=\"text-align:left\">Il est un quartier au Sud de la Seyne sur Mer&nbsp;en&nbsp;Provence o\u00f9 il fait bon vivre, o\u00f9 il fait bon se r\u00e9chauffer, on y est comme sous une couette de soleil et de verdure&nbsp;: Coste Chaude <br><br>Notre quartier est menac\u00e9, sa douceur est menac\u00e9e, sa qui\u00e9tude est menac\u00e9e et nous nous sommes r\u00e9veill\u00e9s pour le d\u00e9fendre. Halte au b\u00e9tonnage intempestif&nbsp;!<br><br>Agir pour Coste chaude, notre association est cr\u00e9\u00e9e pour prot\u00e9ger notre qualit\u00e9 de vie.&nbsp;&nbsp; <br><br>Nous vous invitons \u00e0 lire l\u2019historique de sa gen\u00e8se, \u00e0 regarder les photos de notre quartier, \u00e0 nous rejoindre et nous suivre au fil de l\u2019actualit\u00e9. <\/p>\n","protected":false},"excerpt":{"rendered":"<p>Il est un quartier au Sud de la Seyne sur Mer&nbsp;en&nbsp;Provence o\u00f9 il fait bon vivre, o\u00f9 il fait bon se r\u00e9chauffer, on y est comme sous une couette de soleil et de verdure&nbsp;: Coste Chaude Notre quartier est menac\u00e9, sa douceur est menac\u00e9e, sa qui\u00e9tude est menac\u00e9e et nous [&hellip;]<\/p>\n","protected":false},"author":1,"featured_media":0,"parent":0,"menu_order":0,"comment_status":"closed","ping_status":"closed","template":"","meta":{"footnotes":""},"_links":{"self":[{"href":"https:\/\/www.costechaude83.com\/index.php?rest_route=\/wp\/v2\/pages\/57"}],"collection":[{"href":"https:\/\/www.costechaude83.com\/index.php?rest_route=\/wp\/v2\/pages"}],"about":[{"href":"https:\/\/www.costechaude83.com\/index.php?rest_route=\/wp\/v2\/types\/page"}],"author":[{"embeddable":true,"href":"https:\/\/www.costechaude83.com\/index.php?rest_route=\/wp\/v2\/users\/1"}],"replies":[{"embeddable":true,"href":"https:\/\/www.costechaude83.com\/index.php?rest_route=%2Fwp%2Fv2%2Fcomments&post=57"}],"version-history":[{"count":18,"href":"https:\/\/www.costechaude83.com\/index.php?rest_route=\/wp\/v2\/pages\/57\/revisions"}],"predecessor-version":[{"id":431,"href":"https:\/\/www.costechaude83.com\/index.php?rest_route=\/wp\/v2\/pages\/57\/revisions\/431"}],"wp:attachment":[{"href":"https:\/\/www.costechaude83.com\/index.php?rest_route=%2Fwp%2Fv2%2Fmedia&parent=57"}],"curies":[{"name":"wp","href":"https:\/\/api.w.org\/{rel}","templated":true}]}}